{"id":20,"date":"2025-05-30T19:33:14","date_gmt":"2025-05-30T17:33:14","guid":{"rendered":"http:\/\/plumetattoo.com\/?page_id=20"},"modified":"2025-06-09T17:24:26","modified_gmt":"2025-06-09T15:24:26","slug":"catalogue","status":"publish","type":"page","link":"https:\/\/plumetattoo.com\/index.php\/catalogue\/","title":{"rendered":"A encrer"},"content":{"rendered":"\n<p>Parce qu\u2019un tatouage peut aussi na\u00eetre d\u2019une inspiration personnelle, <strong>Plume Tattoo<\/strong> te propose bient\u00f4t de d\u00e9couvrir ses propres cr\u00e9ations.<\/p>\n\n\n\n<p>Des dessins sensibles, \u00e9pur\u00e9s, parfois symboliques, parfois abstraits, toujours sinc\u00e8res.<br>Ce sont <strong>des motifs qu\u2019elle aimerait tatouer<\/strong>, des id\u00e9es qu\u2019elle a port\u00e9es longtemps, et qu\u2019elle aimerait voir vivre sur d\u2019autres peaux que la sienne.<\/p>\n\n\n\n<p>Si un flash te parle, il t\u2019attend.<br>Si tu veux un projet sur mesure, tu seras \u00e9cout\u00e9(e).<\/p>\n\n\n\n<div id=\"envira-gallery-wrap-120\" class=\"envira-gallery-wrap envira-gallery-theme-base envira-lightbox-theme-base\" itemscope itemtype=\"https:\/\/schema.org\/ImageGallery\"><div data-row-height=\"150\" data-gallery-theme=\"normal\" id=\"envira-gallery-120\" class=\"envira-gallery-public envira-gallery-justified-public envira-gallery-0-columns envira-clear enviratope envira-gallery-css-animations\" data-envira-columns=\"0\"><div id=\"envira-gallery-item-122\" class=\"envira-gallery-item enviratope-item envira-gallery-item-1 envira-lazy-load\" style=\"padding-left: 5px; padding-bottom: 10px; padding-right: 5px;\"  itemscope itemtype=\"https:\/\/schema.org\/ImageObject\"><div class=\"envira-gallery-item-inner\"><div class=\"envira-gallery-position-overlay  envira-gallery-top-left\"><\/div><div class=\"envira-gallery-position-overlay  envira-gallery-top-right\"><\/div><div class=\"envira-gallery-position-overlay  envira-gallery-bottom-left\"><\/div><div class=\"envira-gallery-position-overlay  envira-gallery-bottom-right\"><\/div><a href=\"https:\/\/plumetattoo.com\/wp-content\/uploads\/2025\/06\/plumecrea.png\" class=\"envira-gallery-120 envira-gallery-link\" rel=\"enviragallery120\" title=\"plumecrea\" data-envira-caption=\"plumecrea\" data-envira-retina=\"\" data-thumbnail=\"\"  itemprop=\"contentUrl\"><img decoding=\"async\" id=\"envira-gallery-image-122\" class=\"envira-gallery-image envira-gallery-image-1 envira-normal envira-lazy\" data-envira-index=\"1\" src=\"https:\/\/plumetattoo.com\/wp-content\/uploads\/2025\/06\/plumecrea-700x700-640x480.png\" data-envira-src=\"https:\/\/plumetattoo.com\/wp-content\/uploads\/2025\/06\/plumecrea-700x700-640x480.png\" data-envira-gallery-id=\"120\" data-envira-item-id=\"122\" data-envira-caption=\"plumecrea\" alt=\"\" title=\"plumecrea\"  itemprop=\"thumbnailUrl\" data-envira-srcset=\"https:\/\/plumetattoo.com\/wp-content\/uploads\/2025\/06\/plumecrea-700x700-640x480.png 400w,https:\/\/plumetattoo.com\/wp-content\/uploads\/2025\/06\/plumecrea-700x700-640x480.png 2x\" data-envira-width=\"300\" data-envira-height=\"300\" srcset=\"data:image\/gif;base64,R0lGODlhAQABAIAAAP\/\/\/\/\/\/\/yH5BAEKAAEALAAAAAABAAEAAAICTAEAOw==\" data-safe-src=\"data:image\/gif;base64,R0lGODlhAQABAIAAAP\/\/\/\/\/\/\/yH5BAEKAAEALAAAAAABAAEAAAICTAEAOw==\" \/><\/a><\/div><\/div><\/div><\/div><noscript><img decoding=\"async\" src=\"https:\/\/plumetattoo.com\/wp-content\/uploads\/2025\/06\/plumecrea.png\" alt=\"\" \/><\/noscript>\n","protected":false},"excerpt":{"rendered":"<p>Parce qu\u2019un tatouage peut aussi na\u00eetre d\u2019une inspiration personnelle, Plume Tattoo te propose bient\u00f4t de d\u00e9couvrir ses propres cr\u00e9ations. Des dessins sensibles, \u00e9pur\u00e9s, parfois symboliques, parfois abstraits, toujours sinc\u00e8res.Ce sont des motifs qu\u2019elle aimerait tatouer, des id\u00e9es qu\u2019elle a port\u00e9es longtemps, et qu\u2019elle aimerait voir vivre sur d\u2019autres peaux que la sienne. Si un flash [&hellip;]<\/p>\n","protected":false},"author":1,"featured_media":0,"parent":0,"menu_order":0,"comment_status":"closed","ping_status":"closed","template":"templates\/full-width-page.php","meta":{"footnotes":""},"class_list":["post-20","page","type-page","status-publish","hentry"],"_links":{"self":[{"href":"https:\/\/plumetattoo.com\/index.php\/wp-json\/wp\/v2\/pages\/20","targetHints":{"allow":["GET"]}}],"collection":[{"href":"https:\/\/plumetattoo.com\/index.php\/wp-json\/wp\/v2\/pages"}],"about":[{"href":"https:\/\/plumetattoo.com\/index.php\/wp-json\/wp\/v2\/types\/page"}],"author":[{"embeddable":true,"href":"https:\/\/plumetattoo.com\/index.php\/wp-json\/wp\/v2\/users\/1"}],"replies":[{"embeddable":true,"href":"https:\/\/plumetattoo.com\/index.php\/wp-json\/wp\/v2\/comments?post=20"}],"version-history":[{"count":3,"href":"https:\/\/plumetattoo.com\/index.php\/wp-json\/wp\/v2\/pages\/20\/revisions"}],"predecessor-version":[{"id":121,"href":"https:\/\/plumetattoo.com\/index.php\/wp-json\/wp\/v2\/pages\/20\/revisions\/121"}],"wp:attachment":[{"href":"https:\/\/plumetattoo.com\/index.php\/wp-json\/wp\/v2\/media?parent=20"}],"curies":[{"name":"wp","href":"https:\/\/api.w.org\/{rel}","templated":true}]}}