{"id":38,"date":"2025-05-30T21:02:57","date_gmt":"2025-05-30T19:02:57","guid":{"rendered":"https:\/\/plumetattoo.com\/?page_id=38"},"modified":"2025-05-30T21:06:48","modified_gmt":"2025-05-30T19:06:48","slug":"projet-perso","status":"publish","type":"page","link":"https:\/\/plumetattoo.com\/index.php\/projet-perso\/","title":{"rendered":"Projet perso"},"content":{"rendered":"\n<p><strong><u>1- Me contacter<\/u><\/strong><\/p>\n\n\n\n<p>Pour toute demande, je fonctionne uniquement par mail :<br>\ud83d\udce9 <a href=\"mailto:plumetattoo117@gmail.com\">plumetattoo117@gmail.com<\/a><\/p>\n\n\n\n<p>Pense \u00e0 m\u2019envoyer un message complet avec :<br>\u2013 l\u2019id\u00e9e du tatouage<br>\u2013 la taille souhait\u00e9e<br>\u2013 l\u2019emplacement d\u00e9sir\u00e9<br>\u2013 quelques inspirations (images, croquis ou mots-cl\u00e9s)<br>Plus c\u2019est clair, plus je peux te r\u00e9pondre rapidement et construire un projet qui te ressemble.<\/p>\n\n\n\n<p><strong>2-Le rendez-vous cr\u00e9atif<\/strong><\/p>\n\n\n\n<p><strong>&#8211; Moment indispensable<\/strong><br>Une fois ton message re\u00e7u, je te propose un moment pour qu\u2019on \u00e9change.<br>C\u2019est une \u00e9tape importante : ton tattoo va t\u2019accompagner toute ta vie. Je veux \u00eatre s\u00fbre de bien comprendre ton intention, ton envie, ton \u00e9nergie.<br>Ces rendez-vous au lieu au salon le lundi.<\/p>\n\n\n\n<p><strong>&#8211; <\/strong><strong>D\u00e9veloppement du projet<\/strong><br>On discute ensemble, je prends le temps d\u2019\u00e9couter ce que tu veux et de voir comment l\u2019interpr\u00e9ter \u00e0 ma mani\u00e8re.<br>On d\u00e9finit ensemble la composition, le style, la dur\u00e9e approximative de la s\u00e9ance et le prix.<\/p>\n\n\n\n<p>Un acompte en cash te sera demand\u00e9 pour r\u00e9server la date :<\/p>\n\n\n\n<ul class=\"wp-block-list\">\n<li>50\u2009\u20ac pour un projet \u00e0 moins de 200\u2009\u20ac<\/li>\n\n\n\n<li>150\u2009\u20ac jusqu\u2019\u00e0 400\u2009\u20ac<\/li>\n\n\n\n<li>50\u2009% du montant au-del\u00e0 de 400\u2009\u20ac<\/li>\n<\/ul>\n\n\n\n<p>\u2728 Sans acompte, la date n\u2019est pas bloqu\u00e9e et aucun dessin ne sera lanc\u00e9.<br>Ce jour-l\u00e0, tu remplis aussi les formulaires l\u00e9gaux et je t\u2019explique comment bien te pr\u00e9parer pour le tatouage.<\/p>\n\n\n\n<p><strong>2-Le dessin<\/strong><\/p>\n\n\n\n<p>Tu re\u00e7ois ton projet quelques jours avant notre s\u00e9ance (souvent le week-end juste avant).<br>Tu peux alors me dire si tu souhaites modifier un petit truc. On ajuste et on peaufine jusqu\u2019au r\u00e9sultat tip-top.<\/p>\n\n\n\n<p><strong>3- Le jour J<\/strong><br>Le r\u00e8glement se fait \u00e0 ton arriv\u00e9e, en cash ou par QR Code.<br>Je t\u2019accueille avec calme, respect et douceur. On prend le temps. C\u2019est ton moment.<\/p>\n\n\n\n<p><strong>4-Les retouches<\/strong><br>Si une retouche est n\u00e9cessaire, tu prends soin de ta peau en attendant qu\u2019elle ait bien cicatris\u00e9 : on la planifie \u00e0 partir de 5 semaines apr\u00e8s le tatouage, et elle est offerte durant les 3 mois qui suivent la s\u00e9ance.<br>Elles se font le lundi, pour garder un espace d\u00e9di\u00e9 et tranquille.<\/p>\n","protected":false},"excerpt":{"rendered":"<p>1- Me contacter Pour toute demande, je fonctionne uniquement par mail :\ud83d\udce9 plumetattoo117@gmail.com Pense \u00e0 m\u2019envoyer un message complet avec :\u2013 l\u2019id\u00e9e du tatouage\u2013 la taille souhait\u00e9e\u2013 l\u2019emplacement d\u00e9sir\u00e9\u2013 quelques inspirations (images, croquis ou mots-cl\u00e9s)Plus c\u2019est clair, plus je peux te r\u00e9pondre rapidement et construire un projet qui te ressemble. 2-Le rendez-vous cr\u00e9atif &#8211; Moment [&hellip;]<\/p>\n","protected":false},"author":3,"featured_media":0,"parent":0,"menu_order":0,"comment_status":"closed","ping_status":"closed","template":"templates\/full-width-page.php","meta":{"footnotes":""},"class_list":["post-38","page","type-page","status-publish","hentry"],"_links":{"self":[{"href":"https:\/\/plumetattoo.com\/index.php\/wp-json\/wp\/v2\/pages\/38","targetHints":{"allow":["GET"]}}],"collection":[{"href":"https:\/\/plumetattoo.com\/index.php\/wp-json\/wp\/v2\/pages"}],"about":[{"href":"https:\/\/plumetattoo.com\/index.php\/wp-json\/wp\/v2\/types\/page"}],"author":[{"embeddable":true,"href":"https:\/\/plumetattoo.com\/index.php\/wp-json\/wp\/v2\/users\/3"}],"replies":[{"embeddable":true,"href":"https:\/\/plumetattoo.com\/index.php\/wp-json\/wp\/v2\/comments?post=38"}],"version-history":[{"count":2,"href":"https:\/\/plumetattoo.com\/index.php\/wp-json\/wp\/v2\/pages\/38\/revisions"}],"predecessor-version":[{"id":43,"href":"https:\/\/plumetattoo.com\/index.php\/wp-json\/wp\/v2\/pages\/38\/revisions\/43"}],"wp:attachment":[{"href":"https:\/\/plumetattoo.com\/index.php\/wp-json\/wp\/v2\/media?parent=38"}],"curies":[{"name":"wp","href":"https:\/\/api.w.org\/{rel}","templated":true}]}}